{"id":95,"date":"2017-12-05T00:36:16","date_gmt":"2017-12-05T00:36:16","guid":{"rendered":"https:\/\/mbuni.de\/?page_id=95"},"modified":"2024-10-11T14:28:10","modified_gmt":"2024-10-11T17:28:10","slug":"granja-de-avestruz","status":"publish","type":"page","link":"https:\/\/mbuni.de\/es\/granja-de-avestruz","title":{"rendered":"Granja de Avestruz"},"content":{"rendered":"<h2 style=\"color: #dd9933;\">El Avestruz Africano<\/h2>\n<h5 style=\"color: #ffffff;\">El ave m\u00e1s grande del mundo. S\u00edmbolo de riqueza, elegancia y lujo.<\/p>\n<p>En octubre de 2006 empezamos a fundar la granja de avestruz Mbuni. Actualmente contamos con dos Especies de avestruces.<\/p>\n<p>EL \u00abAfrican Black\u00bb, un cruce entre el avestruz norteafricano y el surafricano, y el \u00abZimbabwe Blue\u00bb, que pertenece a los avestruces de cuello azul.<\/p>\n<p>En una superficie de 9 hect\u00e1reas, se encuentran, entre otros, nuestra \u00e1rea de incubaci\u00f3n y cr\u00eda, 10 pasturas de los avestruces reproductores y las pasturas para los animales j\u00f3venes.<\/p>\n<p>Para la cr\u00eda de esta especie de animales ex\u00f3ticos es necesario tener los <a href=\"https:\/\/mbuni.de\/wp-content\/uploads\/2018\/05\/seam-zoo.jpg\" target=\"_blank\" rel=\"noopener\"><b style=\"color: #eca324;\">permisos<\/b><\/a> de las Instituciones nacionales encargadas.<\/h5>\n<p>justify<\/p>\n<p>no-repeat;center top;;<\/p>\n<p>auto<\/p>\n<p>Granja<\/p>\n<p>h4<\/p>\n<p>icon-lamp<\/p>\n<p><img decoding=\"async\" src=\"https:\/\/mbuni.de\/wp-content\/uploads\/2017\/12\/granja-icono.png\" alt=\"img\" \/><\/p>\n<p>top<\/p>\n<p><a href=\"#granja\">#granja<\/a><\/p>\n<p>scroll<\/p>\n<p>h4light<\/p>\n<p>Galer\u00eda<\/p>\n<p>h4<\/p>\n<p>icon-lamp<\/p>\n<p><img decoding=\"async\" src=\"https:\/\/mbuni.de\/wp-content\/uploads\/2017\/12\/piscina-ico-inicio.png\" alt=\"piscina-ico-inicio\" \/><\/p>\n<p>top<\/p>\n<p><a href=\"#galeria\">#galeria<\/a><\/p>\n<p>scroll<\/p>\n<p>h4light<\/p>\n<p>Productos<\/p>\n<p>h4<\/p>\n<p>icon-lamp<\/p>\n<p><img decoding=\"async\" src=\"https:\/\/mbuni.de\/wp-content\/uploads\/2017\/12\/farmshop-icon.png\" alt=\"img\" \/><\/p>\n<p>top<\/p>\n<p><a href=\"https:\/\/mbuni.de\/farm-shop\/\">https:\/\/mbuni.de\/farm-shop\/<\/a><\/p>\n<p>scroll<\/p>\n<p>h4light<\/p>\n<p><img decoding=\"async\" src=\"https:\/\/mbuni.de\/wp-content\/uploads\/2017\/12\/avestruz-macho-mbuni.png\" alt=\"img\" \/><\/p>\n<p>\u00c1rea de incubaci\u00f3n y nacimiento, \u00e1rea de los polluelos<\/p>\n<p>line<\/p>\n<p><img decoding=\"async\" src=\"https:\/\/mbuni.de\/wp-content\/uploads\/2018\/05\/incubacion.png\" alt=\"incubacion\" \/><\/p>\n<p>imghover<\/p>\n<h3>\u00c1rea de incubaci\u00f3n<\/h3>\n<p>La incubadora de nuestra \u00e1rea de incubaci\u00f3n y cr\u00eda le ofrece lugar a 600 huevos de avestruz. Aqu\u00ed incubamos los huevos durante 38 d\u00edas autom\u00e1ticamente con la temperatura y la humedad del aire adecuadas. Para cada huevo se abre una ficha en la cual se anotan datos importantes como tama\u00f1o, peso, caracter\u00edsticas de la superficie y resultados de an\u00e1lisis del huevo. Una vez por semana se realiza una ovoscop\u00eda y los huevos son olfateados diariamente.<\/p>\n<p>justify<\/p>\n<p>no-repeat;center top;;<\/p>\n<p>auto<\/p>\n<p><img decoding=\"async\" src=\"https:\/\/mbuni.de\/wp-content\/uploads\/2018\/05\/nacimiento.png\" alt=\"nacimiento\" \/><\/p>\n<h3>\u00c1rea de nacimiento<\/h3>\n<p>El d\u00eda 39 del proceso de incubaci\u00f3n, los huevos de avestruz son trasladados al estante de nacimiento. Ah\u00ed se quedar\u00e1n con la temperatura adecuada hasta el nacimiento de los polluelos alrededor del d\u00eda 40. Algunos polluelos se apuran un poco m\u00e1s, otros permanecen m\u00e1s tiempo dentro del huevo. El progreso de la incubaci\u00f3n es controlado permanentemente por una persona encargada para poder asistir durante el nacimiento si ello fuera necesario.<\/p>\n<p>justify<\/p>\n<p>no-repeat;center top;;<\/p>\n<p>auto<\/p>\n<p><img decoding=\"async\" src=\"https:\/\/mbuni.de\/wp-content\/uploads\/2018\/05\/polluelos.png\" alt=\"polluelos\" \/><\/p>\n<h3>\u00c1rea de polluelos<\/h3>\n<p>Una vez que los polluelos hayan nacido, se los pesa y atiende m\u00e9dicamente. Ahora est\u00e1n listos para la siguiente \u00e1rea, la \u201epieza de los polluelos\u201c \u2013 aqu\u00ed cuentan con todo lo necesario: l\u00e1mpara calentadora, fondo blando y juguetes. Durante los d\u00edas en el \u00e1rea de los polluelos, ellos a\u00fan se alimentan de la yema que sorbieron por el cord\u00f3n umbilical antes de salir del huevo. Para una cr\u00eda m\u00e1s adaptada posible a las caracter\u00edsticas de su especie, ya a partir del segundo d\u00eda, los polluelos del avestruz salen por algunas horas afuera junto a sus hermanos mayores.<\/p>\n<p>justify<\/p>\n<p>no-repeat;center top;;<\/p>\n<p>auto<\/p>\n<p><img decoding=\"async\" src=\"https:\/\/mbuni.de\/wp-content\/uploads\/2018\/05\/corral.png\" alt=\"corral\" \/><\/p>\n<h3>Corral de polluelos<\/h3>\n<p>A partir del quinto d\u00eda, los polluelos pasan al \u00e1rea de cr\u00eda (el corral de los polluelos). Ah\u00ed, las l\u00e1mparas calentadoras le ofrecen el calor de nido necesario. Sin embargo, tambi\u00e9n pueden salir en cualquier momento a un peque\u00f1o corral afuera. Ya que los polluelos del avestruz son muy curiosos y comen todo lo que encuentran y pueden tragar, la superficie donde se mueven primeramente est\u00e1 hormigonada. M\u00e1s adelante, se mover\u00e1n en un \u00e1rea cercado natural. Hasta el tercer mes, pasan la noche dentro del establo.<\/p>\n<p>justify<\/p>\n<p>no-repeat;center top;;<\/p>\n<p>auto<\/p>\n<p><img decoding=\"async\" src=\"https:\/\/mbuni.de\/wp-content\/uploads\/2018\/05\/pastura_2.png\" alt=\"pastura_2\" \/><\/p>\n<h3>Pasturas de los avestruces<\/h3>\n<p style=\"text-align: justify;\">Una vez que los peque\u00f1os avestruces cumplan tres meses, solo permanecer\u00e1n en el \u00e1rea natural. De noche ya no se los lleva m\u00e1s al establo de los polluelos y vivir\u00e1n junto a sus cong\u00e9neres mayores en las grandes pasturas de los avestruces de la granja de avestruz Mbuni.<\/p>\n<p>no-repeat;center top;;<\/p>\n<p>auto<\/p>\n<p>Cr\u00eda de Avestruces en la Granja de Avestruces Mbuni Paraguay<\/p>\n<p>line<\/p>\n<p>174,175,176,177,178,179,180,181,182,183,184,185,186,187,188,189,190,191,192,193,194,195,196,197,198,199,200,201,202,203,204,205,206,207,208,209,210,211,212,213,214,215,216,217,218,219,220<\/p>\n<p>6<\/p>\n<p>medium<\/p>\n<p>masonry<\/p>\n<p>Productos de Avestruz<\/p>\n<p>En la Granja Mbuni no solo empollamos los huevos y criamos avestruces &#8211; tambi\u00e9n vendemos muchos productos del mismo.<\/p>\n<p>line<\/p>\n<p>VISITAR FARM SHOP<\/p>\n<p><a href=\"https:\/\/mbuni.de\/farm-shop\/\">https:\/\/mbuni.de\/farm-shop\/<\/a><\/p>\n<p>center<\/p>\n<p>icon-basket<\/p>\n<p>left<\/p>\n<p>#dd9933<\/p>\n<p>#ffffff<\/p>\n<p>3<\/p>\n","protected":false},"excerpt":{"rendered":"<p>El Avestruz Africano El ave m\u00e1s grande del mundo. S\u00edmbolo de riqueza, elegancia y lujo. En octubre de 2006 empezamos a fundar la granja de avestruz Mbuni. Actualmente contamos con dos Especies de avestruces. EL \u00abAfrican Black\u00bb, un cruce entre el avestruz norteafricano y el surafricano, y el \u00abZimbabwe Blue\u00bb, que pertenece a los avestruces de cuello azul. En una superficie de 9 hect\u00e1reas, se encuentran, entre otros, nuestra \u00e1rea de incubaci\u00f3n y cr\u00eda, 10 pasturas de los avestruces reproductores y las pasturas para los animales j\u00f3venes. Para la cr\u00eda de esta especie de animales ex\u00f3ticos es necesario tener los<span class=\"excerpt-hellip\"> [\u2026]<\/span><\/p>\n","protected":false},"author":1,"featured_media":0,"parent":0,"menu_order":0,"comment_status":"closed","ping_status":"closed","template":"","meta":{"footnotes":""},"class_list":["post-95","page","type-page","status-publish","hentry"],"yoast_head":"<!-- This site is optimized with the Yoast SEO plugin v27.2 - https:\/\/yoast.com\/product\/yoast-seo-wordpress\/ -->\n<title>Granja de avestruces para turistas, viajeros y amantes de la naturaleza en Paraguay<\/title>\n<meta name=\"description\" content=\"Granja de avestruces en el coraz\u00f3n de Paraguay con una exuberante fauna y flora para viajeros y entusiastas sudamericanos. Aqu\u00ed puedes relajarte.\" \/>\n<meta name=\"robots\" content=\"index, follow, max-snippet:-1, max-image-preview:large, max-video-preview:-1\" \/>\n<link rel=\"canonical\" href=\"https:\/\/mbuni.de\/?page_id=241\" \/>\n<meta property=\"og:locale\" content=\"es_ES\" \/>\n<meta property=\"og:type\" content=\"article\" \/>\n<meta property=\"og:title\" content=\"Granja de avestruces para turistas, viajeros y amantes de la naturaleza en Paraguay\" \/>\n<meta property=\"og:description\" content=\"Granja de avestruces en el coraz\u00f3n de Paraguay con una exuberante fauna y flora para viajeros y entusiastas sudamericanos. Aqu\u00ed puedes relajarte.\" \/>\n<meta property=\"og:url\" content=\"https:\/\/mbuni.de\/?page_id=241\" \/>\n<meta property=\"og:site_name\" content=\"Mbuni\" \/>\n<meta property=\"article:publisher\" content=\"https:\/\/www.facebook.com\/mbuniparaguay\/\" \/>\n<meta property=\"article:modified_time\" content=\"2024-10-11T17:28:10+00:00\" \/>\n<meta property=\"og:image\" content=\"https:\/\/mbuni.de\/wp-content\/uploads\/2017\/12\/granja-icono.png\" \/>\n<meta name=\"twitter:card\" content=\"summary_large_image\" \/>\n<meta name=\"twitter:label1\" content=\"Tiempo de lectura\" \/>\n\t<meta name=\"twitter:data1\" content=\"3 minutos\" \/>\n<script type=\"application\/ld+json\" class=\"yoast-schema-graph\">{\"@context\":\"https:\/\/schema.org\",\"@graph\":[{\"@type\":\"WebPage\",\"@id\":\"https:\/\/mbuni.de\/?page_id=241\",\"url\":\"https:\/\/mbuni.de\/?page_id=241\",\"name\":\"Granja de avestruces para turistas, viajeros y amantes de la naturaleza en Paraguay\",\"isPartOf\":{\"@id\":\"https:\/\/mbuni.de\/#website\"},\"primaryImageOfPage\":{\"@id\":\"https:\/\/mbuni.de\/?page_id=241#primaryimage\"},\"image\":{\"@id\":\"https:\/\/mbuni.de\/?page_id=241#primaryimage\"},\"thumbnailUrl\":\"https:\/\/mbuni.de\/wp-content\/uploads\/2017\/12\/granja-icono.png\",\"datePublished\":\"2017-12-05T00:36:16+00:00\",\"dateModified\":\"2024-10-11T17:28:10+00:00\",\"description\":\"Granja de avestruces en el coraz\u00f3n de Paraguay con una exuberante fauna y flora para viajeros y entusiastas sudamericanos. Aqu\u00ed puedes relajarte.\",\"breadcrumb\":{\"@id\":\"https:\/\/mbuni.de\/?page_id=241#breadcrumb\"},\"inLanguage\":\"es\",\"potentialAction\":[{\"@type\":\"ReadAction\",\"target\":[\"https:\/\/mbuni.de\/?page_id=241\"]}]},{\"@type\":\"ImageObject\",\"inLanguage\":\"es\",\"@id\":\"https:\/\/mbuni.de\/?page_id=241#primaryimage\",\"url\":\"https:\/\/mbuni.de\/wp-content\/uploads\/2017\/12\/granja-icono.png\",\"contentUrl\":\"https:\/\/mbuni.de\/wp-content\/uploads\/2017\/12\/granja-icono.png\"},{\"@type\":\"BreadcrumbList\",\"@id\":\"https:\/\/mbuni.de\/?page_id=241#breadcrumb\",\"itemListElement\":[{\"@type\":\"ListItem\",\"position\":1,\"name\":\"Startseite\",\"item\":\"https:\/\/mbuni.de\/es\"},{\"@type\":\"ListItem\",\"position\":2,\"name\":\"Granja de Avestruz\"}]},{\"@type\":\"WebSite\",\"@id\":\"https:\/\/mbuni.de\/#website\",\"url\":\"https:\/\/mbuni.de\/\",\"name\":\"Mbuni\",\"description\":\"Granja de Avestruz\",\"potentialAction\":[{\"@type\":\"SearchAction\",\"target\":{\"@type\":\"EntryPoint\",\"urlTemplate\":\"https:\/\/mbuni.de\/?s={search_term_string}\"},\"query-input\":{\"@type\":\"PropertyValueSpecification\",\"valueRequired\":true,\"valueName\":\"search_term_string\"}}],\"inLanguage\":\"es\"}]}<\/script>\n<!-- \/ Yoast SEO plugin. -->","yoast_head_json":{"title":"Granja de avestruces para turistas, viajeros y amantes de la naturaleza en Paraguay","description":"Granja de avestruces en el coraz\u00f3n de Paraguay con una exuberante fauna y flora para viajeros y entusiastas sudamericanos. Aqu\u00ed puedes relajarte.","robots":{"index":"index","follow":"follow","max-snippet":"max-snippet:-1","max-image-preview":"max-image-preview:large","max-video-preview":"max-video-preview:-1"},"canonical":"https:\/\/mbuni.de\/?page_id=241","og_locale":"es_ES","og_type":"article","og_title":"Granja de avestruces para turistas, viajeros y amantes de la naturaleza en Paraguay","og_description":"Granja de avestruces en el coraz\u00f3n de Paraguay con una exuberante fauna y flora para viajeros y entusiastas sudamericanos. Aqu\u00ed puedes relajarte.","og_url":"https:\/\/mbuni.de\/?page_id=241","og_site_name":"Mbuni","article_publisher":"https:\/\/www.facebook.com\/mbuniparaguay\/","article_modified_time":"2024-10-11T17:28:10+00:00","og_image":[{"url":"https:\/\/mbuni.de\/wp-content\/uploads\/2017\/12\/granja-icono.png","type":"","width":"","height":""}],"twitter_card":"summary_large_image","twitter_misc":{"Tiempo de lectura":"3 minutos"},"schema":{"@context":"https:\/\/schema.org","@graph":[{"@type":"WebPage","@id":"https:\/\/mbuni.de\/?page_id=241","url":"https:\/\/mbuni.de\/?page_id=241","name":"Granja de avestruces para turistas, viajeros y amantes de la naturaleza en Paraguay","isPartOf":{"@id":"https:\/\/mbuni.de\/#website"},"primaryImageOfPage":{"@id":"https:\/\/mbuni.de\/?page_id=241#primaryimage"},"image":{"@id":"https:\/\/mbuni.de\/?page_id=241#primaryimage"},"thumbnailUrl":"https:\/\/mbuni.de\/wp-content\/uploads\/2017\/12\/granja-icono.png","datePublished":"2017-12-05T00:36:16+00:00","dateModified":"2024-10-11T17:28:10+00:00","description":"Granja de avestruces en el coraz\u00f3n de Paraguay con una exuberante fauna y flora para viajeros y entusiastas sudamericanos. Aqu\u00ed puedes relajarte.","breadcrumb":{"@id":"https:\/\/mbuni.de\/?page_id=241#breadcrumb"},"inLanguage":"es","potentialAction":[{"@type":"ReadAction","target":["https:\/\/mbuni.de\/?page_id=241"]}]},{"@type":"ImageObject","inLanguage":"es","@id":"https:\/\/mbuni.de\/?page_id=241#primaryimage","url":"https:\/\/mbuni.de\/wp-content\/uploads\/2017\/12\/granja-icono.png","contentUrl":"https:\/\/mbuni.de\/wp-content\/uploads\/2017\/12\/granja-icono.png"},{"@type":"BreadcrumbList","@id":"https:\/\/mbuni.de\/?page_id=241#breadcrumb","itemListElement":[{"@type":"ListItem","position":1,"name":"Startseite","item":"https:\/\/mbuni.de\/es"},{"@type":"ListItem","position":2,"name":"Granja de Avestruz"}]},{"@type":"WebSite","@id":"https:\/\/mbuni.de\/#website","url":"https:\/\/mbuni.de\/","name":"Mbuni","description":"Granja de Avestruz","potentialAction":[{"@type":"SearchAction","target":{"@type":"EntryPoint","urlTemplate":"https:\/\/mbuni.de\/?s={search_term_string}"},"query-input":{"@type":"PropertyValueSpecification","valueRequired":true,"valueName":"search_term_string"}}],"inLanguage":"es"}]}},"_links":{"self":[{"href":"https:\/\/mbuni.de\/es\/wp-json\/wp\/v2\/pages\/95","targetHints":{"allow":["GET"]}}],"collection":[{"href":"https:\/\/mbuni.de\/es\/wp-json\/wp\/v2\/pages"}],"about":[{"href":"https:\/\/mbuni.de\/es\/wp-json\/wp\/v2\/types\/page"}],"author":[{"embeddable":true,"href":"https:\/\/mbuni.de\/es\/wp-json\/wp\/v2\/users\/1"}],"replies":[{"embeddable":true,"href":"https:\/\/mbuni.de\/es\/wp-json\/wp\/v2\/comments?post=95"}],"version-history":[{"count":3,"href":"https:\/\/mbuni.de\/es\/wp-json\/wp\/v2\/pages\/95\/revisions"}],"predecessor-version":[{"id":1366,"href":"https:\/\/mbuni.de\/es\/wp-json\/wp\/v2\/pages\/95\/revisions\/1366"}],"wp:attachment":[{"href":"https:\/\/mbuni.de\/es\/wp-json\/wp\/v2\/media?parent=95"}],"curies":[{"name":"wp","href":"https:\/\/api.w.org\/{rel}","templated":true}]}}