{"id":56,"date":"2015-11-19T11:41:33","date_gmt":"2015-11-19T11:41:33","guid":{"rendered":"http:\/\/themes.muffingroup.com\/be\/business2\/?page_id=2"},"modified":"2021-04-28T16:41:10","modified_gmt":"2021-04-28T20:41:10","slug":"granja-de-avestruz-2","status":"publish","type":"page","link":"https:\/\/mbuni.de\/es","title":{"rendered":"Inicio"},"content":{"rendered":"<h3 style=\"margin: 0; color: #fff;\">Aenean tellus vitae ex rhoncus sollicitudin <i class=\"icon-right-open-mini\" style=\"margin-left: 20px;\"><\/i><\/h3>\n<p>#0c2828<\/p>\n<p>#078684<\/p>\n<p>2px<\/p>\n<p>40px 30px<\/p>\n<p><a href=\"https:\/\/mbuni.de\/the-company\/\">https:\/\/mbuni.de\/the-company\/<\/a><\/p>\n<p>Heading + desc<\/p>\n<hr class=\"no_line\" style=\"margin: 0 auto 60px auto\"\/>\n\n<h2>Granja de Avestruz Mbuni Paraguay<\/h2>\n<hr class=\"no_line\" style=\"margin: 0 auto 20px auto\"\/>\n\n<p class=\"big\">Vivir en armon\u00eda con la naturaleza, animales como acompa\u00f1antes diarios, tranquilidad, descanso lejos del ruido de la ciudad, tomarse tiempo para si mismo \u2013 o simplemente relajarse en la Piscina y disfrutar de los c\u00f3cteles y de los bocaditos en el bar\u2026<br \/>\nDisfrute de sus vacaciones individuales en medio de un hermoso paisaje y conozca el Paraguay de su lado m\u00e1s encantador: La granja de avestruces Mbuni es el punto de partida ideal para excursiones en el Paraguay, hasta la capital Asunci\u00f3n o la frontera con el Brasil.<br \/>\nNosotros le invitamos cordialmente a sentirse como en casa en una de nuestras acogedoras casas de hu\u00e9spedes decoradas elegantemente con el encanto africano.<\/p>\n<p style=\"text-align: right;\"><a href=\"https:\/\/mbuni.de\/nosotros\"><b style=\"color: #401305;\">Su familia Heese <\/b><\/a><\/p>\n<p>no-repeat;center top;;<\/p>\n<p>auto<\/p>\n<p>Habitaciones<\/p>\n<p>h5<\/p>\n<p>icon-home<\/p>\n<p><img decoding=\"async\" src=\"https:\/\/mbuni.de\/wp-content\/uploads\/2018\/05\/hab-icon-inicio.png\" alt=\"hab-icon-inicio\" \/><\/p>\n<p>top<\/p>\n<p><a href=\"https:\/\/mbuni.de\/habitaciones\/\">https:\/\/mbuni.de\/habitaciones\/<\/a><\/p>\n<p>Bungalows<\/p>\n<p>h5<\/p>\n<p>icon-dot-2<\/p>\n<p><img decoding=\"async\" src=\"https:\/\/mbuni.de\/wp-content\/uploads\/2018\/05\/bungalows-menu.png\" alt=\"bungalows-menu\" \/><\/p>\n<p>top<\/p>\n<p><a href=\"https:\/\/mbuni.de\/bungalows\/\">https:\/\/mbuni.de\/bungalows\/<\/a><\/p>\n<p>Piscina<\/p>\n<p>h5<\/p>\n<p>icon-rocket<\/p>\n<p><img decoding=\"async\" src=\"https:\/\/mbuni.de\/wp-content\/uploads\/2017\/12\/piscina-ico-inicio.png\" alt=\"piscina-ico-inicio\" \/><\/p>\n<p>top<\/p>\n<p><a href=\"https:\/\/mbuni.de\/quincho-y-piscina\/\">https:\/\/mbuni.de\/quincho-y-piscina\/<\/a><\/p>\n<p>Restaurant<\/p>\n<p>h5<\/p>\n<p>icon-cd<\/p>\n<p><img decoding=\"async\" src=\"https:\/\/mbuni.de\/wp-content\/uploads\/2017\/12\/resta-ico-inicio.png\" alt=\"resta-ico-inicio\" \/><\/p>\n<p>top<\/p>\n<p><a href=\"https:\/\/mbuni.de\/restaurante\/\">https:\/\/mbuni.de\/restaurante\/<\/a><\/p>\n<p><img decoding=\"async\" src=\"https:\/\/mbuni.de\/wp-content\/uploads\/2017\/12\/inicio-mbuni-left.png\" alt=\"inicio-mbuni-left\" \/><\/p>\n<p>center<\/p>\n<p>100<\/p>\n<p><img decoding=\"async\" src=\"https:\/\/mbuni.de\/wp-content\/uploads\/2015\/11\/home_business2_zoombox_1.jpg\" alt=\"\" \/><\/p>\n<p>#000000<\/p>\n<p>https:\/\/mbuni.de\/wp-content\/uploads\/2015\/11\/home_business2_zoombox_1_icon.png<\/p>\n<p>Maecenas eu dolor mattis diam<\/p>\n<p><a href=\"#\">#<\/a><\/p>\n<p><img decoding=\"async\" src=\"https:\/\/mbuni.de\/wp-content\/uploads\/2015\/11\/home_business2_zoombox_2.jpg\" alt=\"\" \/><\/p>\n<p>#000000<\/p>\n<p>https:\/\/mbuni.de\/wp-content\/uploads\/2015\/11\/home_business2_zoombox_2_icon.png<\/p>\n<p>Integer augue tellus rhoncus sed<\/p>\n<p><a href=\"#\">#<\/a><\/p>\n<p><img decoding=\"async\" src=\"https:\/\/mbuni.de\/wp-content\/uploads\/2017\/12\/slider-2-mbuni.jpg\" alt=\"slider-2-mbuni\" \/><\/p>\n<p>GRANJA DE AVESTRUZ<\/p>\n<h3 style=\"color: #fff;\">GRANJA DE AVESTRUZ<\/h3>\n<p style=\"color: #ececec; font-size: 16px;\">Adem\u00e1s de ocuparnos de nuestros hu\u00e9spedes, nos dedicamos a la cr\u00eda de avestruces africanos. Desde el huevo hasta el animal de cr\u00eda adulto, los avestruces est\u00e1n con nosotros durante toda su vida.<br \/>\nComo en nuestra \u00e1rea de incubaci\u00f3n tenemos lugar para hasta 600 huevos, tambi\u00e9n ofrecemos a otros criadores la posibilidad de hacer incubar sus huevos de avestruz aqu\u00ed.<br \/>\nLas pasturas para los animales j\u00f3venes llegan hasta las casas de hu\u00e9spedes, de manera que nuestros hu\u00e9spedes puedan observar los avestruces j\u00f3venes desde sus terrazas.<\/p>\n<p><a href=\"https:\/\/mbuni.de\/granja-de-avestruz\/\">[ Ver m\u00e1s ]<\/a><\/p>\n<p>justify<\/p>\n<p>no-repeat;center top;;<\/p>\n<p>auto<\/p>\n<p><img decoding=\"async\" src=\"https:\/\/mbuni.de\/wp-content\/uploads\/2018\/05\/bungalows-thumb.jpg\" alt=\"bungalows-thumb\" \/><\/p>\n<p>BUNGALOWS<\/p>\n<h3 style=\"color: #fff;\">BUNGALOWS<\/h3>\n<p style=\"text-align: left; color: #ececec; font-size: 16px;\">En los Bungalows de la Granja de Avestruces Mbuni, Ud. vivir\u00e1 en una atm\u00f3sfera arm\u00f3nica de buen gusto.<br \/>\nSi Ud. as\u00ed lo prefiere, puede cocinar Ud. mismo en la cocina completamente equipada o disfrutar de nuestro Servicio que le ofrece diferentes platos de la cocina internacional a su elecci\u00f3n.<br \/>\nCon sus 40 m2 de superficie cada una, nuestras 4 casas de hu\u00e9spedes ofrecen lugar para 2 personas respectivamente y est\u00e1n equipadas con: Dormitorio con cama matrimonial, Estar, sof\u00e1, TV, Cocina, Ba\u00f1o con ducha y WC, Aire acondicionado, Terraza grande con techo, WLAN en todo parte de granja<\/p>\n<p><a href=\"https:\/\/mbuni.de\/bungalows\/\">[ Ver m\u00e1s ]<\/a><\/p>\n<p>left<\/p>\n<p>no-repeat;center top;;<\/p>\n<p>auto<\/p>\n<p><img decoding=\"async\" src=\"https:\/\/mbuni.de\/wp-content\/uploads\/2017\/12\/pool-inicio-mbuni.jpg\" alt=\"pool-inicio-mbuni\" \/><\/p>\n<p>QUINCHO Y PISCINA<\/p>\n<h3 style=\"color: #fff;\">QUINCHO Y PISCINA<\/h3>\n<p style=\"text-align: left; color: #ececec; font-size: 16px;\">Piscina y Quincho forman el centro social de la Granja de Avestruces Mbuni.<br \/>\nDe d\u00eda, son el lugar de encuentro para relajarse en la piscina y en el jacuzzi o para disfrutar de una bebida refrescante en el Quincho &#8211; y de noche, para disfrutar de los c\u00f3cteles del bar en la atm\u00f3sfera acogedora de la piscina iluminada.<\/p>\n<p><a href=\"https:\/\/mbuni.de\/quincho-y-piscina\/\">[ Ver m\u00e1s ]<\/a><\/p>\n<p>left<\/p>\n<p>no-repeat;center top;;<\/p>\n<p>auto<\/p>\n<p><img decoding=\"async\" src=\"https:\/\/mbuni.de\/wp-content\/uploads\/2018\/05\/inicio-333-left.png\" alt=\"inicio-333-left\" \/><\/p>\n<p>center<\/p>\n<p>Heading + desc<\/p>\n<h2>Entorno arm\u00f3nico cerca de la naturaleza<\/h2>\n<p>no-repeat;center top;;<\/p>\n<p>auto<\/p>\n<p>jwPqoGWlnIQ<\/p>\n<p>;c;;m<\/p>\n<p>700<\/p>\n<p>400<\/p>\n<p>Heading + desc<\/p>\n<hr class=\"no_line\" style=\"margin: 0 auto 20px auto\"\/>\n\n<h4>Desde aqu\u00ed, Ud. en poco tiempo llega hasta la capital Asunci\u00f3n o puede emprender excursiones hacia las curiosidades tur\u00edsticas m\u00e1s famosas del Paraguay.<\/h4>\n<p>justify<\/p>\n<p>no-repeat;center top;;<\/p>\n<p>auto<\/p>\n<p>Heading + desc<\/p>\n<h2>Mbuni Paraguay: Lugar atractivo para vacacionar<\/h2>\n<p>no-repeat;center top;;<\/p>\n<p>auto<\/p>\n<div id=\"fb-root\"><\/div>\n            <script>(function(d, s, id) {\n              var js, fjs = d.getElementsByTagName(s)[0];\n              if (d.getElementById(id)) return;\n              js = d.createElement(s); js.id = id;\n              js.async=true; \n              js.src = \"\/\/connect.facebook.net\/es_ES\/all.js#xfbml=1&appId=395202813876688\";\n              fjs.parentNode.insertBefore(js, fjs);\n            }(document, 'script', 'facebook-jssdk'));<\/script> <div class=\"efbl-like-box 1\">\n                  <div class=\"fb-page\" data-animclass=\"fadeIn\" data-href=\"https:\/\/www.facebook.com\/mbuniparaguay\" data-hide-cover=false data-width=\"900\"   data-height=\"500\" data-show-facepile=true  data-show-posts=true data-adapt-container-width=true data-hide-cta=false data-small-header=\"false\">\n                  <\/div> \n                  \n               <\/div>\n            \n<p>no-repeat;center top;;<\/p>\n<p>auto<\/p>\n<p>Heading + desc<\/p>\n<hr class=\"no_line\" style=\"margin: 0 auto 20px auto\"\/>\n\n<h4>Para los que se interesan por el Paraguay nuestra granja de avestruz es el punto de partida ideal para explorar y conocer el pa\u00eds m\u00e1s de cerca.<\/h4>\n<p>justify<\/p>\n<p>no-repeat;center top;;<\/p>\n<p>auto<\/p>\n<p><img decoding=\"async\" src=\"https:\/\/mbuni.de\/wp-content\/uploads\/2017\/12\/inicio-right-mbuni.png\" alt=\"inicio-right-mbuni\" \/><\/p>\n<p>center<\/p>\n<p>-25.1802067<\/p>\n<p>-57.3073644,17<\/p>\n<p>16<\/p>\n<p>460<\/p>\n<p>ROADMAP<\/p>\n<p>https:\/\/mbuni.de\/wp-content\/uploads\/2015\/11\/home_business2_pin.png<\/p>\n<p>[<br \/>\n{<br \/>\n\u00abfeatureType\u00bb: \u00abadministrative.country\u00bb,<br \/>\n\u00abelementType\u00bb: \u00abgeometry\u00bb,<br \/>\n\u00abstylers\u00bb: [<br \/>\n{<br \/>\n\u00abvisibility\u00bb: \u00absimplified\u00bb<br \/>\n},<br \/>\n{<br \/>\n\u00abhue\u00bb: \u00ab#ff0000\u00bb<br \/>\n}<br \/>\n]<br \/>\n}<br \/>\n]<\/p>\n<p>Mbuni Paraguay<\/p>\n<p>Nueva Colombia<br \/>\nIsla Alta, Cordillera, Paraguay<\/p>\n<p>(0981) 992491<\/p>\n<p>mbuni.py@gmail.com<\/p>\n<p>www.mbuni.de<\/p>\n<p>box<\/p>\n","protected":false},"excerpt":{"rendered":"<p>Aenean tellus vitae ex rhoncus sollicitudin #0c2828 #078684 2px 40px 30px https:\/\/mbuni.de\/the-company\/ Heading + desc Granja de Avestruz Mbuni Paraguay Vivir en armon\u00eda con la naturaleza, animales como acompa\u00f1antes diarios, tranquilidad, descanso lejos del ruido de la ciudad, tomarse tiempo para si mismo \u2013 o simplemente relajarse en la Piscina y disfrutar de los c\u00f3cteles y de los bocaditos en el bar\u2026 Disfrute de sus vacaciones individuales en medio de un hermoso paisaje y conozca el Paraguay de su lado m\u00e1s encantador: La granja de avestruces Mbuni es el punto de partida ideal para excursiones en el Paraguay, hasta la<span class=\"excerpt-hellip\"> [\u2026]<\/span><\/p>\n","protected":false},"author":1,"featured_media":0,"parent":0,"menu_order":0,"comment_status":"open","ping_status":"open","template":"","meta":{"footnotes":""},"class_list":["post-56","page","type-page","status-publish","hentry"],"yoast_head":"<!-- This site is optimized with the Yoast SEO plugin v27.2 - https:\/\/yoast.com\/product\/yoast-seo-wordpress\/ -->\n<title>Rel\u00e1jese en la naturaleza - \u00a1viajes o vacaciones en Paraguay!<\/title>\n<meta name=\"description\" content=\"\u00a1Un fin de semana sin estr\u00e9s! Viaje o vacaciones con la granja de avestruces Mbuni, paz y tranquilidad lejos del ruido de la ciudad.\" \/>\n<meta name=\"robots\" content=\"index, follow, max-snippet:-1, max-image-preview:large, max-video-preview:-1\" \/>\n<link rel=\"canonical\" href=\"https:\/\/mbuni.de\/es\" \/>\n<meta property=\"og:locale\" content=\"es_ES\" \/>\n<meta property=\"og:type\" content=\"article\" \/>\n<meta property=\"og:title\" content=\"Rel\u00e1jese en la naturaleza - \u00a1viajes o vacaciones en Paraguay!\" \/>\n<meta property=\"og:description\" content=\"\u00a1Un fin de semana sin estr\u00e9s! Viaje o vacaciones con la granja de avestruces Mbuni, paz y tranquilidad lejos del ruido de la ciudad.\" \/>\n<meta property=\"og:url\" content=\"https:\/\/mbuni.de\/es\" \/>\n<meta property=\"og:site_name\" content=\"Mbuni\" \/>\n<meta property=\"article:publisher\" content=\"https:\/\/www.facebook.com\/mbuniparaguay\/\" \/>\n<meta property=\"article:modified_time\" content=\"2021-04-28T20:41:10+00:00\" \/>\n<meta property=\"og:image\" content=\"https:\/\/mbuni.de\/wp-content\/uploads\/2018\/05\/hab-icon-inicio.png\" \/>\n<meta name=\"twitter:card\" content=\"summary_large_image\" \/>\n<meta name=\"twitter:label1\" content=\"Tiempo de lectura\" \/>\n\t<meta name=\"twitter:data1\" content=\"3 minutos\" \/>\n<script type=\"application\/ld+json\" class=\"yoast-schema-graph\">{\"@context\":\"https:\/\/schema.org\",\"@graph\":[{\"@type\":\"WebPage\",\"@id\":\"https:\/\/mbuni.de\/es\",\"url\":\"https:\/\/mbuni.de\/es\",\"name\":\"Rel\u00e1jese en la naturaleza - \u00a1viajes o vacaciones en Paraguay!\",\"isPartOf\":{\"@id\":\"https:\/\/mbuni.de\/#website\"},\"primaryImageOfPage\":{\"@id\":\"https:\/\/mbuni.de\/es#primaryimage\"},\"image\":{\"@id\":\"https:\/\/mbuni.de\/es#primaryimage\"},\"thumbnailUrl\":\"https:\/\/mbuni.de\/wp-content\/uploads\/2018\/05\/hab-icon-inicio.png\",\"datePublished\":\"2015-11-19T11:41:33+00:00\",\"dateModified\":\"2021-04-28T20:41:10+00:00\",\"description\":\"\u00a1Un fin de semana sin estr\u00e9s! Viaje o vacaciones con la granja de avestruces Mbuni, paz y tranquilidad lejos del ruido de la ciudad.\",\"breadcrumb\":{\"@id\":\"https:\/\/mbuni.de\/es#breadcrumb\"},\"inLanguage\":\"es\",\"potentialAction\":[{\"@type\":\"ReadAction\",\"target\":[\"https:\/\/mbuni.de\/es\"]}]},{\"@type\":\"ImageObject\",\"inLanguage\":\"es\",\"@id\":\"https:\/\/mbuni.de\/es#primaryimage\",\"url\":\"https:\/\/mbuni.de\/wp-content\/uploads\/2018\/05\/hab-icon-inicio.png\",\"contentUrl\":\"https:\/\/mbuni.de\/wp-content\/uploads\/2018\/05\/hab-icon-inicio.png\"},{\"@type\":\"BreadcrumbList\",\"@id\":\"https:\/\/mbuni.de\/es#breadcrumb\",\"itemListElement\":[{\"@type\":\"ListItem\",\"position\":1,\"name\":\"Startseite\",\"item\":\"https:\/\/mbuni.de\/es\"},{\"@type\":\"ListItem\",\"position\":2,\"name\":\"Inicio\"}]},{\"@type\":\"WebSite\",\"@id\":\"https:\/\/mbuni.de\/#website\",\"url\":\"https:\/\/mbuni.de\/\",\"name\":\"Mbuni\",\"description\":\"Granja de Avestruz\",\"potentialAction\":[{\"@type\":\"SearchAction\",\"target\":{\"@type\":\"EntryPoint\",\"urlTemplate\":\"https:\/\/mbuni.de\/?s={search_term_string}\"},\"query-input\":{\"@type\":\"PropertyValueSpecification\",\"valueRequired\":true,\"valueName\":\"search_term_string\"}}],\"inLanguage\":\"es\"}]}<\/script>\n<!-- \/ Yoast SEO plugin. -->","yoast_head_json":{"title":"Rel\u00e1jese en la naturaleza - \u00a1viajes o vacaciones en Paraguay!","description":"\u00a1Un fin de semana sin estr\u00e9s! Viaje o vacaciones con la granja de avestruces Mbuni, paz y tranquilidad lejos del ruido de la ciudad.","robots":{"index":"index","follow":"follow","max-snippet":"max-snippet:-1","max-image-preview":"max-image-preview:large","max-video-preview":"max-video-preview:-1"},"canonical":"https:\/\/mbuni.de\/es","og_locale":"es_ES","og_type":"article","og_title":"Rel\u00e1jese en la naturaleza - \u00a1viajes o vacaciones en Paraguay!","og_description":"\u00a1Un fin de semana sin estr\u00e9s! Viaje o vacaciones con la granja de avestruces Mbuni, paz y tranquilidad lejos del ruido de la ciudad.","og_url":"https:\/\/mbuni.de\/es","og_site_name":"Mbuni","article_publisher":"https:\/\/www.facebook.com\/mbuniparaguay\/","article_modified_time":"2021-04-28T20:41:10+00:00","og_image":[{"url":"https:\/\/mbuni.de\/wp-content\/uploads\/2018\/05\/hab-icon-inicio.png","type":"","width":"","height":""}],"twitter_card":"summary_large_image","twitter_misc":{"Tiempo de lectura":"3 minutos"},"schema":{"@context":"https:\/\/schema.org","@graph":[{"@type":"WebPage","@id":"https:\/\/mbuni.de\/es","url":"https:\/\/mbuni.de\/es","name":"Rel\u00e1jese en la naturaleza - \u00a1viajes o vacaciones en Paraguay!","isPartOf":{"@id":"https:\/\/mbuni.de\/#website"},"primaryImageOfPage":{"@id":"https:\/\/mbuni.de\/es#primaryimage"},"image":{"@id":"https:\/\/mbuni.de\/es#primaryimage"},"thumbnailUrl":"https:\/\/mbuni.de\/wp-content\/uploads\/2018\/05\/hab-icon-inicio.png","datePublished":"2015-11-19T11:41:33+00:00","dateModified":"2021-04-28T20:41:10+00:00","description":"\u00a1Un fin de semana sin estr\u00e9s! Viaje o vacaciones con la granja de avestruces Mbuni, paz y tranquilidad lejos del ruido de la ciudad.","breadcrumb":{"@id":"https:\/\/mbuni.de\/es#breadcrumb"},"inLanguage":"es","potentialAction":[{"@type":"ReadAction","target":["https:\/\/mbuni.de\/es"]}]},{"@type":"ImageObject","inLanguage":"es","@id":"https:\/\/mbuni.de\/es#primaryimage","url":"https:\/\/mbuni.de\/wp-content\/uploads\/2018\/05\/hab-icon-inicio.png","contentUrl":"https:\/\/mbuni.de\/wp-content\/uploads\/2018\/05\/hab-icon-inicio.png"},{"@type":"BreadcrumbList","@id":"https:\/\/mbuni.de\/es#breadcrumb","itemListElement":[{"@type":"ListItem","position":1,"name":"Startseite","item":"https:\/\/mbuni.de\/es"},{"@type":"ListItem","position":2,"name":"Inicio"}]},{"@type":"WebSite","@id":"https:\/\/mbuni.de\/#website","url":"https:\/\/mbuni.de\/","name":"Mbuni","description":"Granja de Avestruz","potentialAction":[{"@type":"SearchAction","target":{"@type":"EntryPoint","urlTemplate":"https:\/\/mbuni.de\/?s={search_term_string}"},"query-input":{"@type":"PropertyValueSpecification","valueRequired":true,"valueName":"search_term_string"}}],"inLanguage":"es"}]}},"_links":{"self":[{"href":"https:\/\/mbuni.de\/es\/wp-json\/wp\/v2\/pages\/56","targetHints":{"allow":["GET"]}}],"collection":[{"href":"https:\/\/mbuni.de\/es\/wp-json\/wp\/v2\/pages"}],"about":[{"href":"https:\/\/mbuni.de\/es\/wp-json\/wp\/v2\/types\/page"}],"author":[{"embeddable":true,"href":"https:\/\/mbuni.de\/es\/wp-json\/wp\/v2\/users\/1"}],"replies":[{"embeddable":true,"href":"https:\/\/mbuni.de\/es\/wp-json\/wp\/v2\/comments?post=56"}],"version-history":[{"count":7,"href":"https:\/\/mbuni.de\/es\/wp-json\/wp\/v2\/pages\/56\/revisions"}],"predecessor-version":[{"id":1885,"href":"https:\/\/mbuni.de\/es\/wp-json\/wp\/v2\/pages\/56\/revisions\/1885"}],"wp:attachment":[{"href":"https:\/\/mbuni.de\/es\/wp-json\/wp\/v2\/media?parent=56"}],"curies":[{"name":"wp","href":"https:\/\/api.w.org\/{rel}","templated":true}]}}