{"id":385,"date":"2018-04-18T11:34:25","date_gmt":"2018-04-18T15:34:25","guid":{"rendered":"https:\/\/mbuni.de\/?page_id=385"},"modified":"2018-07-30T11:55:03","modified_gmt":"2018-07-30T15:55:03","slug":"actividades","status":"publish","type":"page","link":"https:\/\/mbuni.de\/es\/actividades","title":{"rendered":"Actividades"},"content":{"rendered":"<p>Actividades en la Granja de Avestruz Mbuni<\/p>\n<p>line<\/p>\n<h5>En la Granja de Avestruz tenemos a un Polideportivo en el cual uno puede jugar f\u00fatbol y otros deportes. Los deportes uno puede practicar por el d\u00eda y en la noche iluminado. En el parque infantil los ni\u00f1os pueden jugar en la arena, columpiar y escalar. Adem\u00e1s se puede pescar Tilapias en la laguna y hacer un asado rico.<\/h5>\n<p>justify<\/p>\n<p>no-repeat;center top;;<\/p>\n<p>auto<\/p>\n<p>393,394,395,396,398,399,400,401,402,403,614,613,641,642<\/p>\n<p>6<\/p>\n<p>thumbnail<\/p>\n","protected":false},"excerpt":{"rendered":"<p>Actividades en la Granja de Avestruz Mbuni line En la Granja de Avestruz tenemos a un Polideportivo en el cual uno puede jugar f\u00fatbol y otros deportes. Los deportes uno puede practicar por el d\u00eda y en la noche iluminado. En el parque infantil los ni\u00f1os pueden jugar en la arena, columpiar y escalar. Adem\u00e1s se puede pescar Tilapias en la laguna y hacer un asado rico. justify no-repeat;center top;; auto 393,394,395,396,398,399,400,401,402,403,614,613,641,642 6 thumbnail<\/p>\n","protected":false},"author":1,"featured_media":0,"parent":0,"menu_order":0,"comment_status":"closed","ping_status":"closed","template":"","meta":{"footnotes":""},"class_list":["post-385","page","type-page","status-publish","hentry"],"yoast_head":"<!-- This site is optimized with the Yoast SEO plugin v27.2 - https:\/\/yoast.com\/product\/yoast-seo-wordpress\/ -->\n<title>actividades en la granja de avestruz | Nueva Colombia Cordillera<\/title>\n<meta name=\"description\" content=\"Para actividades y entretenimiento es proporcionado por nuestras diversas instalaciones. Hay muchas formas de interactuar y pasatiempos.\" \/>\n<meta name=\"robots\" content=\"index, follow, max-snippet:-1, max-image-preview:large, max-video-preview:-1\" \/>\n<link rel=\"canonical\" href=\"https:\/\/mbuni.de\/es\/actividades\" \/>\n<meta property=\"og:locale\" content=\"es_ES\" \/>\n<meta property=\"og:type\" content=\"article\" \/>\n<meta property=\"og:title\" content=\"actividades en la granja de avestruz | Nueva Colombia Cordillera\" \/>\n<meta property=\"og:description\" content=\"Para actividades y entretenimiento es proporcionado por nuestras diversas instalaciones. Hay muchas formas de interactuar y pasatiempos.\" \/>\n<meta property=\"og:url\" content=\"https:\/\/mbuni.de\/es\/actividades\" \/>\n<meta property=\"og:site_name\" content=\"Mbuni\" \/>\n<meta property=\"article:publisher\" content=\"https:\/\/www.facebook.com\/mbuniparaguay\/\" \/>\n<meta property=\"article:modified_time\" content=\"2018-07-30T15:55:03+00:00\" \/>\n<meta name=\"twitter:card\" content=\"summary_large_image\" \/>\n<script type=\"application\/ld+json\" class=\"yoast-schema-graph\">{\"@context\":\"https:\/\/schema.org\",\"@graph\":[{\"@type\":\"WebPage\",\"@id\":\"https:\/\/mbuni.de\/es\/actividades\",\"url\":\"https:\/\/mbuni.de\/es\/actividades\",\"name\":\"actividades en la granja de avestruz | Nueva Colombia Cordillera\",\"isPartOf\":{\"@id\":\"https:\/\/mbuni.de\/#website\"},\"datePublished\":\"2018-04-18T15:34:25+00:00\",\"dateModified\":\"2018-07-30T15:55:03+00:00\",\"description\":\"Para actividades y entretenimiento es proporcionado por nuestras diversas instalaciones. Hay muchas formas de interactuar y pasatiempos.\",\"breadcrumb\":{\"@id\":\"https:\/\/mbuni.de\/es\/actividades#breadcrumb\"},\"inLanguage\":\"es\",\"potentialAction\":[{\"@type\":\"ReadAction\",\"target\":[\"https:\/\/mbuni.de\/es\/actividades\"]}]},{\"@type\":\"BreadcrumbList\",\"@id\":\"https:\/\/mbuni.de\/es\/actividades#breadcrumb\",\"itemListElement\":[{\"@type\":\"ListItem\",\"position\":1,\"name\":\"Startseite\",\"item\":\"https:\/\/mbuni.de\/es\"},{\"@type\":\"ListItem\",\"position\":2,\"name\":\"Actividades\"}]},{\"@type\":\"WebSite\",\"@id\":\"https:\/\/mbuni.de\/#website\",\"url\":\"https:\/\/mbuni.de\/\",\"name\":\"Mbuni\",\"description\":\"Granja de Avestruz\",\"potentialAction\":[{\"@type\":\"SearchAction\",\"target\":{\"@type\":\"EntryPoint\",\"urlTemplate\":\"https:\/\/mbuni.de\/?s={search_term_string}\"},\"query-input\":{\"@type\":\"PropertyValueSpecification\",\"valueRequired\":true,\"valueName\":\"search_term_string\"}}],\"inLanguage\":\"es\"}]}<\/script>\n<!-- \/ Yoast SEO plugin. -->","yoast_head_json":{"title":"actividades en la granja de avestruz | Nueva Colombia Cordillera","description":"Para actividades y entretenimiento es proporcionado por nuestras diversas instalaciones. Hay muchas formas de interactuar y pasatiempos.","robots":{"index":"index","follow":"follow","max-snippet":"max-snippet:-1","max-image-preview":"max-image-preview:large","max-video-preview":"max-video-preview:-1"},"canonical":"https:\/\/mbuni.de\/es\/actividades","og_locale":"es_ES","og_type":"article","og_title":"actividades en la granja de avestruz | Nueva Colombia Cordillera","og_description":"Para actividades y entretenimiento es proporcionado por nuestras diversas instalaciones. Hay muchas formas de interactuar y pasatiempos.","og_url":"https:\/\/mbuni.de\/es\/actividades","og_site_name":"Mbuni","article_publisher":"https:\/\/www.facebook.com\/mbuniparaguay\/","article_modified_time":"2018-07-30T15:55:03+00:00","twitter_card":"summary_large_image","schema":{"@context":"https:\/\/schema.org","@graph":[{"@type":"WebPage","@id":"https:\/\/mbuni.de\/es\/actividades","url":"https:\/\/mbuni.de\/es\/actividades","name":"actividades en la granja de avestruz | Nueva Colombia Cordillera","isPartOf":{"@id":"https:\/\/mbuni.de\/#website"},"datePublished":"2018-04-18T15:34:25+00:00","dateModified":"2018-07-30T15:55:03+00:00","description":"Para actividades y entretenimiento es proporcionado por nuestras diversas instalaciones. Hay muchas formas de interactuar y pasatiempos.","breadcrumb":{"@id":"https:\/\/mbuni.de\/es\/actividades#breadcrumb"},"inLanguage":"es","potentialAction":[{"@type":"ReadAction","target":["https:\/\/mbuni.de\/es\/actividades"]}]},{"@type":"BreadcrumbList","@id":"https:\/\/mbuni.de\/es\/actividades#breadcrumb","itemListElement":[{"@type":"ListItem","position":1,"name":"Startseite","item":"https:\/\/mbuni.de\/es"},{"@type":"ListItem","position":2,"name":"Actividades"}]},{"@type":"WebSite","@id":"https:\/\/mbuni.de\/#website","url":"https:\/\/mbuni.de\/","name":"Mbuni","description":"Granja de Avestruz","potentialAction":[{"@type":"SearchAction","target":{"@type":"EntryPoint","urlTemplate":"https:\/\/mbuni.de\/?s={search_term_string}"},"query-input":{"@type":"PropertyValueSpecification","valueRequired":true,"valueName":"search_term_string"}}],"inLanguage":"es"}]}},"_links":{"self":[{"href":"https:\/\/mbuni.de\/es\/wp-json\/wp\/v2\/pages\/385","targetHints":{"allow":["GET"]}}],"collection":[{"href":"https:\/\/mbuni.de\/es\/wp-json\/wp\/v2\/pages"}],"about":[{"href":"https:\/\/mbuni.de\/es\/wp-json\/wp\/v2\/types\/page"}],"author":[{"embeddable":true,"href":"https:\/\/mbuni.de\/es\/wp-json\/wp\/v2\/users\/1"}],"replies":[{"embeddable":true,"href":"https:\/\/mbuni.de\/es\/wp-json\/wp\/v2\/comments?post=385"}],"version-history":[{"count":2,"href":"https:\/\/mbuni.de\/es\/wp-json\/wp\/v2\/pages\/385\/revisions"}],"predecessor-version":[{"id":1282,"href":"https:\/\/mbuni.de\/es\/wp-json\/wp\/v2\/pages\/385\/revisions\/1282"}],"wp:attachment":[{"href":"https:\/\/mbuni.de\/es\/wp-json\/wp\/v2\/media?parent=385"}],"curies":[{"name":"wp","href":"https:\/\/api.w.org\/{rel}","templated":true}]}}