{"id":160,"date":"2017-12-06T13:02:50","date_gmt":"2017-12-06T13:02:50","guid":{"rendered":"https:\/\/mbuni.de\/?page_id=160"},"modified":"2018-07-30T12:59:40","modified_gmt":"2018-07-30T16:59:40","slug":"quincho-y-piscina","status":"publish","type":"page","link":"https:\/\/mbuni.de\/es\/quincho-y-piscina","title":{"rendered":"Quincho y Piscina"},"content":{"rendered":"<h2>Quincho &amp; Piscina de la Granja de Avestruz Mbuni<\/h2>\n<h5 style=\"text-align: justify;\">Las instalaciones de la piscina de la granja de avestruz Mbuni invitan a relajarse en medio de una hermosa regi\u00f3n. Con vista al paisaje paraguayo que se extiende detr\u00e1s de nuestro establecimiento, podr\u00e1 relajarse sobre una de nuestras reposeras, ba\u00f1arse en la piscina o disfrutar de un masaje acu\u00e1tico en el jacuzzi.<\/h5>\n<p>no-repeat;center top;;<\/p>\n<p>auto<\/p>\n<h2>Piscina<\/h2>\n<h5 style=\"text-align: justify;\">Rel\u00e1jese en nuestra piscina de 72 metros cuadrados o sobre nuestras confortables reposeras de madera maciza. Las sombrillas en el dise\u00f1o t\u00edpico del pa\u00eds lo proteger\u00e1n del sol ardiente del Paraguay. Cuando el sol ya es muy caliente, refr\u00e9squese en el agua cristalina de nuestra piscina.<\/h5>\n<p>no-repeat;center top;;<\/p>\n<p>auto<\/p>\n<h2>Jacuzzi<\/h2>\n<h5 style=\"text-align: justify;\">Luego de una extendida excursi\u00f3n, no habr\u00e1 nada m\u00e1s agradable que masajearse las piernas en el jacuzzi. Apegado a la piscina y el quincho, el jacuzzi ofrece lugar a m\u00ednimo cinco personas.<\/h5>\n<p>no-repeat;center top;;<\/p>\n<p>auto<\/p>\n<h2>Quincho<\/h2>\n<h5 style=\"text-align: justify;\">El Quincho de la granja de avestruz Mbuni con el Bar es el punto de encuentro social. Aqu\u00ed le servimos bebidas frescas.<\/h5>\n<p>no-repeat;center top;;<\/p>\n<p>auto<\/p>\n<p>Galer\u00eda<\/p>\n<p>line<\/p>\n<p>575,576,577,579,580,612,615,639,574,640<\/p>\n<p>3<\/p>\n<p>full<\/p>\n","protected":false},"excerpt":{"rendered":"<p>Quincho &amp; Piscina de la Granja de Avestruz Mbuni Las instalaciones de la piscina de la granja de avestruz Mbuni invitan a relajarse en medio de una hermosa regi\u00f3n. Con vista al paisaje paraguayo que se extiende detr\u00e1s de nuestro establecimiento, podr\u00e1 relajarse sobre una de nuestras reposeras, ba\u00f1arse en la piscina o disfrutar de un masaje acu\u00e1tico en el jacuzzi. no-repeat;center top;; auto Piscina Rel\u00e1jese en nuestra piscina de 72 metros cuadrados o sobre nuestras confortables reposeras de madera maciza. Las sombrillas en el dise\u00f1o t\u00edpico del pa\u00eds lo proteger\u00e1n del sol ardiente del Paraguay. Cuando el sol ya<span class=\"excerpt-hellip\"> [\u2026]<\/span><\/p>\n","protected":false},"author":1,"featured_media":0,"parent":0,"menu_order":0,"comment_status":"closed","ping_status":"closed","template":"","meta":{"footnotes":""},"class_list":["post-160","page","type-page","status-publish","hentry"],"yoast_head":"<!-- This site is optimized with the Yoast SEO plugin v27.2 - https:\/\/yoast.com\/product\/yoast-seo-wordpress\/ -->\n<title>Quincho y Piscina | Rel\u00e1jese y disfrute al aire libre y la naturaleza<\/title>\n<meta name=\"description\" content=\"Quincho y piscina de la granja de avestruces Mbuni en Nueva Colombia Cordillera Paraguay para amantes de la naturaleza y turistas.\" \/>\n<meta name=\"robots\" content=\"index, follow, max-snippet:-1, max-image-preview:large, max-video-preview:-1\" \/>\n<link rel=\"canonical\" href=\"https:\/\/mbuni.de\/es\/quincho-y-piscina\" \/>\n<meta property=\"og:locale\" content=\"es_ES\" \/>\n<meta property=\"og:type\" content=\"article\" \/>\n<meta property=\"og:title\" content=\"Quincho y Piscina | Rel\u00e1jese y disfrute al aire libre y la naturaleza\" \/>\n<meta property=\"og:description\" content=\"Quincho y piscina de la granja de avestruces Mbuni en Nueva Colombia Cordillera Paraguay para amantes de la naturaleza y turistas.\" \/>\n<meta property=\"og:url\" content=\"https:\/\/mbuni.de\/es\/quincho-y-piscina\" \/>\n<meta property=\"og:site_name\" content=\"Mbuni\" \/>\n<meta property=\"article:publisher\" content=\"https:\/\/www.facebook.com\/mbuniparaguay\/\" \/>\n<meta property=\"article:modified_time\" content=\"2018-07-30T16:59:40+00:00\" \/>\n<meta name=\"twitter:card\" content=\"summary_large_image\" \/>\n<meta name=\"twitter:label1\" content=\"Tiempo de lectura\" \/>\n\t<meta name=\"twitter:data1\" content=\"1 minuto\" \/>\n<script type=\"application\/ld+json\" class=\"yoast-schema-graph\">{\"@context\":\"https:\/\/schema.org\",\"@graph\":[{\"@type\":\"WebPage\",\"@id\":\"https:\/\/mbuni.de\/es\/quincho-y-piscina\",\"url\":\"https:\/\/mbuni.de\/es\/quincho-y-piscina\",\"name\":\"Quincho y Piscina | Rel\u00e1jese y disfrute al aire libre y la naturaleza\",\"isPartOf\":{\"@id\":\"https:\/\/mbuni.de\/#website\"},\"datePublished\":\"2017-12-06T13:02:50+00:00\",\"dateModified\":\"2018-07-30T16:59:40+00:00\",\"description\":\"Quincho y piscina de la granja de avestruces Mbuni en Nueva Colombia Cordillera Paraguay para amantes de la naturaleza y turistas.\",\"breadcrumb\":{\"@id\":\"https:\/\/mbuni.de\/es\/quincho-y-piscina#breadcrumb\"},\"inLanguage\":\"es\",\"potentialAction\":[{\"@type\":\"ReadAction\",\"target\":[\"https:\/\/mbuni.de\/es\/quincho-y-piscina\"]}]},{\"@type\":\"BreadcrumbList\",\"@id\":\"https:\/\/mbuni.de\/es\/quincho-y-piscina#breadcrumb\",\"itemListElement\":[{\"@type\":\"ListItem\",\"position\":1,\"name\":\"Startseite\",\"item\":\"https:\/\/mbuni.de\/es\"},{\"@type\":\"ListItem\",\"position\":2,\"name\":\"Quincho y Piscina\"}]},{\"@type\":\"WebSite\",\"@id\":\"https:\/\/mbuni.de\/#website\",\"url\":\"https:\/\/mbuni.de\/\",\"name\":\"Mbuni\",\"description\":\"Granja de Avestruz\",\"potentialAction\":[{\"@type\":\"SearchAction\",\"target\":{\"@type\":\"EntryPoint\",\"urlTemplate\":\"https:\/\/mbuni.de\/?s={search_term_string}\"},\"query-input\":{\"@type\":\"PropertyValueSpecification\",\"valueRequired\":true,\"valueName\":\"search_term_string\"}}],\"inLanguage\":\"es\"}]}<\/script>\n<!-- \/ Yoast SEO plugin. -->","yoast_head_json":{"title":"Quincho y Piscina | Rel\u00e1jese y disfrute al aire libre y la naturaleza","description":"Quincho y piscina de la granja de avestruces Mbuni en Nueva Colombia Cordillera Paraguay para amantes de la naturaleza y turistas.","robots":{"index":"index","follow":"follow","max-snippet":"max-snippet:-1","max-image-preview":"max-image-preview:large","max-video-preview":"max-video-preview:-1"},"canonical":"https:\/\/mbuni.de\/es\/quincho-y-piscina","og_locale":"es_ES","og_type":"article","og_title":"Quincho y Piscina | Rel\u00e1jese y disfrute al aire libre y la naturaleza","og_description":"Quincho y piscina de la granja de avestruces Mbuni en Nueva Colombia Cordillera Paraguay para amantes de la naturaleza y turistas.","og_url":"https:\/\/mbuni.de\/es\/quincho-y-piscina","og_site_name":"Mbuni","article_publisher":"https:\/\/www.facebook.com\/mbuniparaguay\/","article_modified_time":"2018-07-30T16:59:40+00:00","twitter_card":"summary_large_image","twitter_misc":{"Tiempo de lectura":"1 minuto"},"schema":{"@context":"https:\/\/schema.org","@graph":[{"@type":"WebPage","@id":"https:\/\/mbuni.de\/es\/quincho-y-piscina","url":"https:\/\/mbuni.de\/es\/quincho-y-piscina","name":"Quincho y Piscina | Rel\u00e1jese y disfrute al aire libre y la naturaleza","isPartOf":{"@id":"https:\/\/mbuni.de\/#website"},"datePublished":"2017-12-06T13:02:50+00:00","dateModified":"2018-07-30T16:59:40+00:00","description":"Quincho y piscina de la granja de avestruces Mbuni en Nueva Colombia Cordillera Paraguay para amantes de la naturaleza y turistas.","breadcrumb":{"@id":"https:\/\/mbuni.de\/es\/quincho-y-piscina#breadcrumb"},"inLanguage":"es","potentialAction":[{"@type":"ReadAction","target":["https:\/\/mbuni.de\/es\/quincho-y-piscina"]}]},{"@type":"BreadcrumbList","@id":"https:\/\/mbuni.de\/es\/quincho-y-piscina#breadcrumb","itemListElement":[{"@type":"ListItem","position":1,"name":"Startseite","item":"https:\/\/mbuni.de\/es"},{"@type":"ListItem","position":2,"name":"Quincho y Piscina"}]},{"@type":"WebSite","@id":"https:\/\/mbuni.de\/#website","url":"https:\/\/mbuni.de\/","name":"Mbuni","description":"Granja de Avestruz","potentialAction":[{"@type":"SearchAction","target":{"@type":"EntryPoint","urlTemplate":"https:\/\/mbuni.de\/?s={search_term_string}"},"query-input":{"@type":"PropertyValueSpecification","valueRequired":true,"valueName":"search_term_string"}}],"inLanguage":"es"}]}},"_links":{"self":[{"href":"https:\/\/mbuni.de\/es\/wp-json\/wp\/v2\/pages\/160","targetHints":{"allow":["GET"]}}],"collection":[{"href":"https:\/\/mbuni.de\/es\/wp-json\/wp\/v2\/pages"}],"about":[{"href":"https:\/\/mbuni.de\/es\/wp-json\/wp\/v2\/types\/page"}],"author":[{"embeddable":true,"href":"https:\/\/mbuni.de\/es\/wp-json\/wp\/v2\/users\/1"}],"replies":[{"embeddable":true,"href":"https:\/\/mbuni.de\/es\/wp-json\/wp\/v2\/comments?post=160"}],"version-history":[{"count":3,"href":"https:\/\/mbuni.de\/es\/wp-json\/wp\/v2\/pages\/160\/revisions"}],"predecessor-version":[{"id":1371,"href":"https:\/\/mbuni.de\/es\/wp-json\/wp\/v2\/pages\/160\/revisions\/1371"}],"wp:attachment":[{"href":"https:\/\/mbuni.de\/es\/wp-json\/wp\/v2\/media?parent=160"}],"curies":[{"name":"wp","href":"https:\/\/api.w.org\/{rel}","templated":true}]}}