{"id":130,"date":"2017-12-05T13:07:16","date_gmt":"2017-12-05T13:07:16","guid":{"rendered":"https:\/\/mbuni.de\/?page_id=130"},"modified":"2018-07-30T12:35:33","modified_gmt":"2018-07-30T16:35:33","slug":"frigorifico","status":"publish","type":"page","link":"https:\/\/mbuni.de\/es\/frigorifico","title":{"rendered":"Frigor\u00edfico"},"content":{"rendered":"<p>Frigor\u00edfico de la Granja de Avestruz Mbuni<\/p>\n<p>line<\/p>\n<h5>Construimos el Frigor\u00edfico en el a\u00f1o 2011 y por primera vez en diciembre de 2011 pod\u00edamos hacer uso de \u00e9l.<br \/>\nSe ha edificado con un sistema especial llamado sistema de 3 c\u00e1maras, y con ning\u00fan grande problema iba a recibir una autorizaci\u00f3n de parte de Europa, por cumplir con los factores de higiene y orden.<br \/>\nFue elaborado especialmente para avestruces y animales peque\u00f1os como: Oveja, Cabra y Cerdo. Tambi\u00e9n contamos con los <a href=\"https:\/\/mbuni.de\/wp-content\/uploads\/2018\/05\/seam.jpg\" target=\"_blank\" rel=\"noopener\"><b>permisos<\/b><\/a> y <a href=\"https:\/\/mbuni.de\/wp-content\/uploads\/2018\/05\/senacsa.jpg\" target=\"_blank\" rel=\"noopener\"><b>habilitaciones<\/b><\/a> correspondientes de las Instituciones nacionales encargadas.<\/h5>\n<p>justify<\/p>\n<p>no-repeat;center top;;<\/p>\n<p>auto<\/p>\n<h4 align=\"left\"><b>Entrada del Frigor\u00edfico<\/b><\/h4>\n<h5>Adem\u00e1s hay una parte social con duchas y ba\u00f1os, y un \u00e1rea de entrada o mejor dicho un pasillo del cual uno puede observar a trav\u00e9s de grandes ventanas los 3 diferentes lugares de trabajo sin la necesidad de pisarlas.<\/h5>\n<p>justify<\/p>\n<p>no-repeat;center top;;<\/p>\n<p>auto<\/p>\n<h4 align=\"left\"><b>C\u00e1mara de matanza<\/b><\/h4>\n<h5>En la primera c\u00e1mara se lleva a cabo el proceso de matanza del animal. Ah\u00ed tambi\u00e9n se despluma al avestruz o se escalda a los cerdos. Luego el animal es llevado a la siguiente c\u00e1mara d\u00f3nde se procede con los primeros cortes gruesos.<\/h5>\n<p>justify<\/p>\n<p>no-repeat;center top;;<\/p>\n<p>auto<\/p>\n<p>default<\/p>\n<h4 align=\"left\"><b>C\u00e1mara de descuartizamiento grueso<\/b><\/h4>\n<h5>En la segunda c\u00e1mara el animal es descuerado, abierto, eviscerado y es cortado de manera gruesa. Esta c\u00e1mara se puede enfriar con un aire acondicionado.<\/h5>\n<p>justify<\/p>\n<p>no-repeat;center top;;<\/p>\n<p>auto<\/p>\n<h4 align=\"left\"><b>C\u00e1mara de embalaje y disecci\u00f3n fina<\/b><\/h4>\n<h5>En la tercera c\u00e1mara se realiza la disecci\u00f3n fina de la carne, adem\u00e1s es limpiada de tendones y de pieles musculares y por \u00faltimos es sellada por una selladora al vacio. En esta c\u00e1mara trabajamos con temperaturas alrededor de 10 \u00b0C.<\/h5>\n<p>justify<\/p>\n<p>no-repeat;center top;;<\/p>\n<p>auto<\/p>\n<h4 align=\"left\"><b>C\u00e1mara de refrigeraci\u00f3n<\/b><\/h4>\n<h5>Adem\u00e1s tenemos en nuestro frigor\u00edfico 3 c\u00e1maras de refrigeraci\u00f3n, que pueden ser enfriadas hasta una temperatura de 0 \u00b0C. Tambi\u00e9n tenemos una c\u00e1mara congeladora que puede congelar hasta -18 \u00b0C as\u00ed como un peque\u00f1o dep\u00f3sito para consumibles.<\/h5>\n<p>justify<\/p>\n<p>no-repeat;center top;;<\/p>\n<p>auto<\/p>\n<p>Frigor\u00edfico y Matadero<\/p>\n<p>line<\/p>\n<p>441,442,443,444,440,449,455,454,447,453,448,457,450,451,452,456,458,446<\/p>\n<p>6<\/p>\n<p>medium<\/p>\n<p>flat<\/p>\n<p>Faena de Avestruz Africano<\/p>\n<p>line<\/p>\n<p>609,608,607,606,605,604,603,602,601<\/p>\n<p>6<\/p>\n<p>medium<\/p>\n<p>flat<\/p>\n","protected":false},"excerpt":{"rendered":"<p>Frigor\u00edfico de la Granja de Avestruz Mbuni line Construimos el Frigor\u00edfico en el a\u00f1o 2011 y por primera vez en diciembre de 2011 pod\u00edamos hacer uso de \u00e9l. Se ha edificado con un sistema especial llamado sistema de 3 c\u00e1maras, y con ning\u00fan grande problema iba a recibir una autorizaci\u00f3n de parte de Europa, por cumplir con los factores de higiene y orden. Fue elaborado especialmente para avestruces y animales peque\u00f1os como: Oveja, Cabra y Cerdo. Tambi\u00e9n contamos con los permisos y habilitaciones correspondientes de las Instituciones nacionales encargadas. justify no-repeat;center top;; auto Entrada del Frigor\u00edfico Adem\u00e1s hay una parte<span class=\"excerpt-hellip\"> [\u2026]<\/span><\/p>\n","protected":false},"author":1,"featured_media":0,"parent":0,"menu_order":0,"comment_status":"closed","ping_status":"closed","template":"","meta":{"footnotes":""},"class_list":["post-130","page","type-page","status-publish","hentry"],"yoast_head":"<!-- This site is optimized with the Yoast SEO plugin v27.2 - https:\/\/yoast.com\/product\/yoast-seo-wordpress\/ -->\n<title>Matadero de avestruces y otros animales seg\u00fan los est\u00e1ndares europeos<\/title>\n<meta name=\"description\" content=\"El frigorifico de la Granja de Avestruz Mbuni contiene tres c\u00e1maras de enfriamiento y otros dispositivos para sacrificar varios animales.\" \/>\n<meta name=\"robots\" content=\"index, follow, max-snippet:-1, max-image-preview:large, max-video-preview:-1\" \/>\n<link rel=\"canonical\" href=\"https:\/\/mbuni.de\/es\/frigorifico\" \/>\n<meta property=\"og:locale\" content=\"es_ES\" \/>\n<meta property=\"og:type\" content=\"article\" \/>\n<meta property=\"og:title\" content=\"Matadero de avestruces y otros animales seg\u00fan los est\u00e1ndares europeos\" \/>\n<meta property=\"og:description\" content=\"El frigorifico de la Granja de Avestruz Mbuni contiene tres c\u00e1maras de enfriamiento y otros dispositivos para sacrificar varios animales.\" \/>\n<meta property=\"og:url\" content=\"https:\/\/mbuni.de\/es\/frigorifico\" \/>\n<meta property=\"og:site_name\" content=\"Mbuni\" \/>\n<meta property=\"article:publisher\" content=\"https:\/\/www.facebook.com\/mbuniparaguay\/\" \/>\n<meta property=\"article:modified_time\" content=\"2018-07-30T16:35:33+00:00\" \/>\n<meta name=\"twitter:card\" content=\"summary_large_image\" \/>\n<meta name=\"twitter:label1\" content=\"Tiempo de lectura\" \/>\n\t<meta name=\"twitter:data1\" content=\"2 minutos\" \/>\n<script type=\"application\/ld+json\" class=\"yoast-schema-graph\">{\"@context\":\"https:\/\/schema.org\",\"@graph\":[{\"@type\":\"WebPage\",\"@id\":\"https:\/\/mbuni.de\/es\/frigorifico\",\"url\":\"https:\/\/mbuni.de\/es\/frigorifico\",\"name\":\"Matadero de avestruces y otros animales seg\u00fan los est\u00e1ndares europeos\",\"isPartOf\":{\"@id\":\"https:\/\/mbuni.de\/#website\"},\"datePublished\":\"2017-12-05T13:07:16+00:00\",\"dateModified\":\"2018-07-30T16:35:33+00:00\",\"description\":\"El frigorifico de la Granja de Avestruz Mbuni contiene tres c\u00e1maras de enfriamiento y otros dispositivos para sacrificar varios animales.\",\"breadcrumb\":{\"@id\":\"https:\/\/mbuni.de\/es\/frigorifico#breadcrumb\"},\"inLanguage\":\"es\",\"potentialAction\":[{\"@type\":\"ReadAction\",\"target\":[\"https:\/\/mbuni.de\/es\/frigorifico\"]}]},{\"@type\":\"BreadcrumbList\",\"@id\":\"https:\/\/mbuni.de\/es\/frigorifico#breadcrumb\",\"itemListElement\":[{\"@type\":\"ListItem\",\"position\":1,\"name\":\"Startseite\",\"item\":\"https:\/\/mbuni.de\/es\"},{\"@type\":\"ListItem\",\"position\":2,\"name\":\"Frigor\u00edfico\"}]},{\"@type\":\"WebSite\",\"@id\":\"https:\/\/mbuni.de\/#website\",\"url\":\"https:\/\/mbuni.de\/\",\"name\":\"Mbuni\",\"description\":\"Granja de Avestruz\",\"potentialAction\":[{\"@type\":\"SearchAction\",\"target\":{\"@type\":\"EntryPoint\",\"urlTemplate\":\"https:\/\/mbuni.de\/?s={search_term_string}\"},\"query-input\":{\"@type\":\"PropertyValueSpecification\",\"valueRequired\":true,\"valueName\":\"search_term_string\"}}],\"inLanguage\":\"es\"}]}<\/script>\n<!-- \/ Yoast SEO plugin. -->","yoast_head_json":{"title":"Matadero de avestruces y otros animales seg\u00fan los est\u00e1ndares europeos","description":"El frigorifico de la Granja de Avestruz Mbuni contiene tres c\u00e1maras de enfriamiento y otros dispositivos para sacrificar varios animales.","robots":{"index":"index","follow":"follow","max-snippet":"max-snippet:-1","max-image-preview":"max-image-preview:large","max-video-preview":"max-video-preview:-1"},"canonical":"https:\/\/mbuni.de\/es\/frigorifico","og_locale":"es_ES","og_type":"article","og_title":"Matadero de avestruces y otros animales seg\u00fan los est\u00e1ndares europeos","og_description":"El frigorifico de la Granja de Avestruz Mbuni contiene tres c\u00e1maras de enfriamiento y otros dispositivos para sacrificar varios animales.","og_url":"https:\/\/mbuni.de\/es\/frigorifico","og_site_name":"Mbuni","article_publisher":"https:\/\/www.facebook.com\/mbuniparaguay\/","article_modified_time":"2018-07-30T16:35:33+00:00","twitter_card":"summary_large_image","twitter_misc":{"Tiempo de lectura":"2 minutos"},"schema":{"@context":"https:\/\/schema.org","@graph":[{"@type":"WebPage","@id":"https:\/\/mbuni.de\/es\/frigorifico","url":"https:\/\/mbuni.de\/es\/frigorifico","name":"Matadero de avestruces y otros animales seg\u00fan los est\u00e1ndares europeos","isPartOf":{"@id":"https:\/\/mbuni.de\/#website"},"datePublished":"2017-12-05T13:07:16+00:00","dateModified":"2018-07-30T16:35:33+00:00","description":"El frigorifico de la Granja de Avestruz Mbuni contiene tres c\u00e1maras de enfriamiento y otros dispositivos para sacrificar varios animales.","breadcrumb":{"@id":"https:\/\/mbuni.de\/es\/frigorifico#breadcrumb"},"inLanguage":"es","potentialAction":[{"@type":"ReadAction","target":["https:\/\/mbuni.de\/es\/frigorifico"]}]},{"@type":"BreadcrumbList","@id":"https:\/\/mbuni.de\/es\/frigorifico#breadcrumb","itemListElement":[{"@type":"ListItem","position":1,"name":"Startseite","item":"https:\/\/mbuni.de\/es"},{"@type":"ListItem","position":2,"name":"Frigor\u00edfico"}]},{"@type":"WebSite","@id":"https:\/\/mbuni.de\/#website","url":"https:\/\/mbuni.de\/","name":"Mbuni","description":"Granja de Avestruz","potentialAction":[{"@type":"SearchAction","target":{"@type":"EntryPoint","urlTemplate":"https:\/\/mbuni.de\/?s={search_term_string}"},"query-input":{"@type":"PropertyValueSpecification","valueRequired":true,"valueName":"search_term_string"}}],"inLanguage":"es"}]}},"_links":{"self":[{"href":"https:\/\/mbuni.de\/es\/wp-json\/wp\/v2\/pages\/130","targetHints":{"allow":["GET"]}}],"collection":[{"href":"https:\/\/mbuni.de\/es\/wp-json\/wp\/v2\/pages"}],"about":[{"href":"https:\/\/mbuni.de\/es\/wp-json\/wp\/v2\/types\/page"}],"author":[{"embeddable":true,"href":"https:\/\/mbuni.de\/es\/wp-json\/wp\/v2\/users\/1"}],"replies":[{"embeddable":true,"href":"https:\/\/mbuni.de\/es\/wp-json\/wp\/v2\/comments?post=130"}],"version-history":[{"count":3,"href":"https:\/\/mbuni.de\/es\/wp-json\/wp\/v2\/pages\/130\/revisions"}],"predecessor-version":[{"id":1365,"href":"https:\/\/mbuni.de\/es\/wp-json\/wp\/v2\/pages\/130\/revisions\/1365"}],"wp:attachment":[{"href":"https:\/\/mbuni.de\/es\/wp-json\/wp\/v2\/media?parent=130"}],"curies":[{"name":"wp","href":"https:\/\/api.w.org\/{rel}","templated":true}]}}