{"id":128,"date":"2017-12-05T13:06:29","date_gmt":"2017-12-05T13:06:29","guid":{"rendered":"https:\/\/mbuni.de\/?page_id=128"},"modified":"2018-07-30T13:03:27","modified_gmt":"2018-07-30T17:03:27","slug":"restaurante","status":"publish","type":"page","link":"https:\/\/mbuni.de\/es\/restaurante","title":{"rendered":"Restaurante"},"content":{"rendered":"<h2>\u201cEl Massai\u201d, el Restaurante de la Granja Mbuni<\/h2>\n<h5 style=\"text-align: justify;\">Nuestro Restaurante es de igual manera que los b\u00fangalows y las habitaciones instalado de un estilo africano. Presenta asientos para 56 personas. Para eventos especiales la capacidad de los asientos se puede aumentar hasta 70.<\/p>\n<p><b>Est\u00e1 disponible para los hu\u00e9spedes para el desayuno, almuerzo y cena.<\/p>\n<p>Abierto al p\u00fablico los Domingos para almorzar o con reserva previa a partir de 4 adultos<\/p>\n<p>Haga sus reservas al: <a href=\"tel:+595981992491\">(0981) 992 491<\/a><br \/>\n<\/b><\/h5>\n<p>no-repeat;center top;;<\/p>\n<p>auto<\/p>\n<h2>Desayuno, almuerzo y cena.<\/h2>\n<h5 style=\"text-align: justify;\">En el restaurante les servimos el desayuno, el almuerzo y la cena.<br \/>\nPara el almuerzo y la cena le ofrecemos carne de avestruz as\u00ed como tambi\u00e9n comidas de cocina internacional. Para el peque\u00f1o apetito le preparamos diversas meriendas.<\/h5>\n<p>no-repeat;center top;;<\/p>\n<p>auto<\/p>\n<h2>Almuerzo y cena en la terraza<\/h2>\n<h5 style=\"text-align: justify;\">El almuerzo y la cena tambi\u00e9n le servimos en nuestra terraza, la cual se encuentra bajo un \u00e1rbol de mango y le brinda una fresquita sombra. La terraza cuenta con 30 asientos.<\/h5>\n<p>no-repeat;center top;;<\/p>\n<p>auto<\/p>\n<p>Galer\u00eda<\/p>\n<p>line<\/p>\n<p>631,632,633,634,635,636,637,638<\/p>\n<p>4<\/p>\n<p>large<\/p>\n","protected":false},"excerpt":{"rendered":"<p>\u201cEl Massai\u201d, el Restaurante de la Granja Mbuni Nuestro Restaurante es de igual manera que los b\u00fangalows y las habitaciones instalado de un estilo africano. Presenta asientos para 56 personas. Para eventos especiales la capacidad de los asientos se puede aumentar hasta 70. Est\u00e1 disponible para los hu\u00e9spedes para el desayuno, almuerzo y cena. Abierto al p\u00fablico los Domingos para almorzar o con reserva previa a partir de 4 adultos Haga sus reservas al: (0981) 992 491 no-repeat;center top;; auto Desayuno, almuerzo y cena. En el restaurante les servimos el desayuno, el almuerzo y la cena. Para el almuerzo y<span class=\"excerpt-hellip\"> [\u2026]<\/span><\/p>\n","protected":false},"author":1,"featured_media":0,"parent":0,"menu_order":0,"comment_status":"closed","ping_status":"closed","template":"","meta":{"footnotes":""},"class_list":["post-128","page","type-page","status-publish","hentry"],"yoast_head":"<!-- This site is optimized with the Yoast SEO plugin v27.2 - https:\/\/yoast.com\/product\/yoast-seo-wordpress\/ -->\n<title>El restaurante de nuestra granja de avestruces en Nueva Colombia Paraguay<\/title>\n<meta name=\"description\" content=\"En nuestro restaurante encontrar\u00e1 deliciosa cocina paraguaya adem\u00e1s de nuestras deliciosas especialidades alemanas caseras.\" \/>\n<meta name=\"robots\" content=\"index, follow, max-snippet:-1, max-image-preview:large, max-video-preview:-1\" \/>\n<link rel=\"canonical\" href=\"https:\/\/mbuni.de\/es\/restaurante\" \/>\n<meta property=\"og:locale\" content=\"es_ES\" \/>\n<meta property=\"og:type\" content=\"article\" \/>\n<meta property=\"og:title\" content=\"El restaurante de nuestra granja de avestruces en Nueva Colombia Paraguay\" \/>\n<meta property=\"og:description\" content=\"En nuestro restaurante encontrar\u00e1 deliciosa cocina paraguaya adem\u00e1s de nuestras deliciosas especialidades alemanas caseras.\" \/>\n<meta property=\"og:url\" content=\"https:\/\/mbuni.de\/es\/restaurante\" \/>\n<meta property=\"og:site_name\" content=\"Mbuni\" \/>\n<meta property=\"article:publisher\" content=\"https:\/\/www.facebook.com\/mbuniparaguay\/\" \/>\n<meta property=\"article:modified_time\" content=\"2018-07-30T17:03:27+00:00\" \/>\n<meta name=\"twitter:card\" content=\"summary_large_image\" \/>\n<meta name=\"twitter:label1\" content=\"Tiempo de lectura\" \/>\n\t<meta name=\"twitter:data1\" content=\"1 minuto\" \/>\n<script type=\"application\/ld+json\" class=\"yoast-schema-graph\">{\"@context\":\"https:\/\/schema.org\",\"@graph\":[{\"@type\":\"WebPage\",\"@id\":\"https:\/\/mbuni.de\/es\/restaurante\",\"url\":\"https:\/\/mbuni.de\/es\/restaurante\",\"name\":\"El restaurante de nuestra granja de avestruces en Nueva Colombia Paraguay\",\"isPartOf\":{\"@id\":\"https:\/\/mbuni.de\/#website\"},\"datePublished\":\"2017-12-05T13:06:29+00:00\",\"dateModified\":\"2018-07-30T17:03:27+00:00\",\"description\":\"En nuestro restaurante encontrar\u00e1 deliciosa cocina paraguaya adem\u00e1s de nuestras deliciosas especialidades alemanas caseras.\",\"breadcrumb\":{\"@id\":\"https:\/\/mbuni.de\/es\/restaurante#breadcrumb\"},\"inLanguage\":\"es\",\"potentialAction\":[{\"@type\":\"ReadAction\",\"target\":[\"https:\/\/mbuni.de\/es\/restaurante\"]}]},{\"@type\":\"BreadcrumbList\",\"@id\":\"https:\/\/mbuni.de\/es\/restaurante#breadcrumb\",\"itemListElement\":[{\"@type\":\"ListItem\",\"position\":1,\"name\":\"Startseite\",\"item\":\"https:\/\/mbuni.de\/es\"},{\"@type\":\"ListItem\",\"position\":2,\"name\":\"Restaurante\"}]},{\"@type\":\"WebSite\",\"@id\":\"https:\/\/mbuni.de\/#website\",\"url\":\"https:\/\/mbuni.de\/\",\"name\":\"Mbuni\",\"description\":\"Granja de Avestruz\",\"potentialAction\":[{\"@type\":\"SearchAction\",\"target\":{\"@type\":\"EntryPoint\",\"urlTemplate\":\"https:\/\/mbuni.de\/?s={search_term_string}\"},\"query-input\":{\"@type\":\"PropertyValueSpecification\",\"valueRequired\":true,\"valueName\":\"search_term_string\"}}],\"inLanguage\":\"es\"}]}<\/script>\n<!-- \/ Yoast SEO plugin. -->","yoast_head_json":{"title":"El restaurante de nuestra granja de avestruces en Nueva Colombia Paraguay","description":"En nuestro restaurante encontrar\u00e1 deliciosa cocina paraguaya adem\u00e1s de nuestras deliciosas especialidades alemanas caseras.","robots":{"index":"index","follow":"follow","max-snippet":"max-snippet:-1","max-image-preview":"max-image-preview:large","max-video-preview":"max-video-preview:-1"},"canonical":"https:\/\/mbuni.de\/es\/restaurante","og_locale":"es_ES","og_type":"article","og_title":"El restaurante de nuestra granja de avestruces en Nueva Colombia Paraguay","og_description":"En nuestro restaurante encontrar\u00e1 deliciosa cocina paraguaya adem\u00e1s de nuestras deliciosas especialidades alemanas caseras.","og_url":"https:\/\/mbuni.de\/es\/restaurante","og_site_name":"Mbuni","article_publisher":"https:\/\/www.facebook.com\/mbuniparaguay\/","article_modified_time":"2018-07-30T17:03:27+00:00","twitter_card":"summary_large_image","twitter_misc":{"Tiempo de lectura":"1 minuto"},"schema":{"@context":"https:\/\/schema.org","@graph":[{"@type":"WebPage","@id":"https:\/\/mbuni.de\/es\/restaurante","url":"https:\/\/mbuni.de\/es\/restaurante","name":"El restaurante de nuestra granja de avestruces en Nueva Colombia Paraguay","isPartOf":{"@id":"https:\/\/mbuni.de\/#website"},"datePublished":"2017-12-05T13:06:29+00:00","dateModified":"2018-07-30T17:03:27+00:00","description":"En nuestro restaurante encontrar\u00e1 deliciosa cocina paraguaya adem\u00e1s de nuestras deliciosas especialidades alemanas caseras.","breadcrumb":{"@id":"https:\/\/mbuni.de\/es\/restaurante#breadcrumb"},"inLanguage":"es","potentialAction":[{"@type":"ReadAction","target":["https:\/\/mbuni.de\/es\/restaurante"]}]},{"@type":"BreadcrumbList","@id":"https:\/\/mbuni.de\/es\/restaurante#breadcrumb","itemListElement":[{"@type":"ListItem","position":1,"name":"Startseite","item":"https:\/\/mbuni.de\/es"},{"@type":"ListItem","position":2,"name":"Restaurante"}]},{"@type":"WebSite","@id":"https:\/\/mbuni.de\/#website","url":"https:\/\/mbuni.de\/","name":"Mbuni","description":"Granja de Avestruz","potentialAction":[{"@type":"SearchAction","target":{"@type":"EntryPoint","urlTemplate":"https:\/\/mbuni.de\/?s={search_term_string}"},"query-input":{"@type":"PropertyValueSpecification","valueRequired":true,"valueName":"search_term_string"}}],"inLanguage":"es"}]}},"_links":{"self":[{"href":"https:\/\/mbuni.de\/es\/wp-json\/wp\/v2\/pages\/128","targetHints":{"allow":["GET"]}}],"collection":[{"href":"https:\/\/mbuni.de\/es\/wp-json\/wp\/v2\/pages"}],"about":[{"href":"https:\/\/mbuni.de\/es\/wp-json\/wp\/v2\/types\/page"}],"author":[{"embeddable":true,"href":"https:\/\/mbuni.de\/es\/wp-json\/wp\/v2\/users\/1"}],"replies":[{"embeddable":true,"href":"https:\/\/mbuni.de\/es\/wp-json\/wp\/v2\/comments?post=128"}],"version-history":[{"count":4,"href":"https:\/\/mbuni.de\/es\/wp-json\/wp\/v2\/pages\/128\/revisions"}],"predecessor-version":[{"id":1373,"href":"https:\/\/mbuni.de\/es\/wp-json\/wp\/v2\/pages\/128\/revisions\/1373"}],"wp:attachment":[{"href":"https:\/\/mbuni.de\/es\/wp-json\/wp\/v2\/media?parent=128"}],"curies":[{"name":"wp","href":"https:\/\/api.w.org\/{rel}","templated":true}]}}